{"id":97,"date":"2012-12-22T23:05:45","date_gmt":"2012-12-22T22:05:45","guid":{"rendered":"http:\/\/www.ansgarsilies.de\/atelier\/?page_id=97"},"modified":"2024-02-26T10:51:32","modified_gmt":"2024-02-26T09:51:32","slug":"vita_as","status":"publish","type":"page","link":"https:\/\/www.ansgarsilies.de\/en\/vita_as\/","title":{"rendered":"CV"},"content":{"rendered":"\n\nAnsgar Silies studied scenography at the Hanover University of Applied Sciences and Arts.\n\nThis was followed by stage design assistantships at Schauspiel Frankfurt and Schauspiel Essen as well as teaching assignments and deputy professorships for scenography at Hanover University of Applied Sciences and Arts. Ansgar Silies now works as a freelance stage designer, artist and musician.\n\nHis exhibitions and sound performances have been seen and heard in Bochum, Cologne, Hanover, Berlin, the Netherlands and China. He has developed stage designs and theatre music for the Schauspiel Essen, Staatstheater Kassel and Theater Bonn, among others.\n\nAnsgar Silies is the winner of the 2009 Emsl\u00e4ndische Landschaft e.V. artists&#8217; scholarship.\n\n<!-- \/wp:paragraph -->\n\n<!-- wp:heading {\"level\":3} -->\n<h3>Workshops \/ Lecturing<\/h3>\n<!-- \/wp:heading -->\n\n<!-- wp:paragraph -->\n\n<strong>Hochschule Hannover\u00a0<\/strong>\nStudiengang Szenografie\/Kost\u00fcm\/Experimentelle Gestaltung\nLehrauftr\u00e4ge 2011 -2024, Vertretungsprofessur WS 2014\/15 und WS 2015\/16.\n\n<!-- \/wp:paragraph -->\n\n<!-- wp:paragraph -->\n\n<strong>TU Eindhoven (NL)<\/strong>\nDepartment of Industrial Design\nWorkshop &#8220;Interactive Patina of Culture&#8221;, Taicang (CHN) 2014\n\n<!-- \/wp:paragraph -->\n\n<!-- wp:paragraph -->\n\n<strong>Nieders\u00e4chsisches Landesinstitut f\u00fcr schulische Qualit\u00e4tsentwicklung<\/strong>\nWorkshop &#8220;Mit der Lupe am Ohr &#8220;, Hildesheim, 2015\nWorkshop &#8220;Vom Wassertropfen zur Musik&#8221;, Soltau 2016\n\n<!-- \/wp:paragraph -->\n\n<!-- wp:paragraph -->\n\n<strong>Bundesakademie f\u00fcr kulturelle Bildung<\/strong>\nWorkshop &#8220;Licht und Kunst&#8221;, Gymnasium Marianum, Meppen 2019\n\n<!-- \/wp:paragraph -->\n\n<!-- wp:paragraph -->\n\n<strong>Musikland Niedersachsen<\/strong>\nWorkshop &#8220;Dem Rauschen lauschen&#8221;, Bundesakademie Wolfenb\u00fcttel 2018\n\n<!-- \/wp:paragraph -->\n\n<!-- wp:paragraph -->\n\n<strong>Nieders\u00e4chsische Sparkassenstiftung<\/strong>\nZeitgen\u00f6ssische Musik in der Schule\nWorkshop &#8220;KlangRaumKlang&#8221;, IGS Schwanewede, 2013\nWorkshop &#8220;KlangRaumKlang&#8221;, Liudger Realschule Emsb\u00fcren, 2012\nWorkshop &#8220;Klangfr\u00fchst\u00fcck&#8221;, Andreanum Hildesheim, 2015\nWorkshop &#8220;Klangfr\u00fchst\u00fcck&#8221;, IGS Linden, 2015\nWorkshop &#8220;Knistern, Knarzen, Kabelsalat&#8221;, Lise-Meitner-Gymnasium Neuenhaus, 2018\nWorkshop &#8220;Knistern, Knarzen, Kabelsalat&#8221;, Liudger Realschule Emsb\u00fcren, 2018\nWorkshop &#8220;Das Gras wachsen h\u00f6ren&#8221;, Oberschule am Sonnenh\u00fcgel Osnabr\u00fcck, 2023\nWorkshop &#8220;Das Gras wachsen h\u00f6ren&#8221;, Otto-Hahn-Schule Wunstorf, 2023\n\n<!-- \/wp:paragraph -->\n\n<!-- wp:paragraph -->\n\n<strong>Kunstschule Lingen<\/strong>\nK\u00fcnstlerische Leitung des Lichterfestes zum Thema &#8220;Licht und Klang&#8221;, 2018\nK\u00fcnstlerische Leitung des Jahresprojektes &#8220;Wuchs und Wandel&#8221;, 2020\n\n<!-- \/wp:paragraph -->\n\n<!-- wp:paragraph -->\n\n<strong>KGS Barsinghausen \/ Calenberger Musikschule<\/strong>\nWorkshop &#8220;Soundscapes mit Audacity&#8221;,\u00a02019\n\n<!-- \/wp:paragraph -->\n\n<!-- wp:paragraph -->\n\n<strong>IGS Hannover-Linden<\/strong>\nWorkshop &#8220;Mehr Licht!&#8221; im Projekt\u00a0&#8220;Kammerflimmern&#8221;, 2016\n\n<!-- \/wp:paragraph -->\n\n<!-- wp:paragraph -->\n\n<strong>Kulturzentrum Alte Weberei Nordhorn<\/strong>\nWorkshop &#8220;Wildwuchs&#8221;\n\n<!-- \/wp:paragraph -->\n\n<!-- wp:paragraph -->\n\n<strong>Kulturreferat der Stadt Nordhorn<\/strong>\nWorkshop &#8220;M\u00e4rchenM\u00fchle&#8221;, Kornm\u00fchle Nordhorn\n\n<!-- \/wp:paragraph -->\n\n<!-- wp:paragraph -->\n\n<strong>Theaterp\u00e4dagogisches Zentrum Lingen<\/strong>\nWorkshop &#8220;Das Bambus-Bauprojekt&#8221;, Lingen 2017\nWorkshop &#8220;Kinderrechte&#8221;, Andervenne 2019\nWorkshop &#8220;Emsiges Land&#8221;, Neuenhaus, Hestrup, Meppen, Thuine 2019\nWorkshop &#8220;B\u00fchnenbild&#8221;, Lingen 2019\n\n<!-- \/wp:paragraph -->\n\n<!-- wp:heading {\"level\":3} -->\n<h3>Exhibitions &amp; Performances (selected works)<\/h3>\n<!-- \/wp:heading -->\n\n<!-- wp:paragraph -->\n\n&#8220;Ondertoon \/\/ Unterton&#8221;, Klanginstallation, Kunstenaarsdorp Zweeloo (NL)\n&#8220;Ondertoon \/\/ Unterton&#8221;, Klanginstallation, Meppener Kunstkreis e. V.\n&#8220;Museumsgeister&#8221;, Klangperformance, Emslandmuseum Lingen\n&#8220;Stadt im Fluss&#8221;, Soundwalk, TPZ Lingen\n&#8220;Alles draait \/\/ Alles l\u00e4uft&#8221;, performative Installation, Heimland Festival Diepenheim (NL), Ramings M\u00fchle Lengerich\n&#8220;Bodensch\u00e4tze \/\/ Bodemschatten&#8221;, Performance, DRU cultuurfabriek Ulft (NL), Kulturzentrum Alte Weberei Nordhorn, Burg Bentheim\n&#8220;Kunstschulkl\u00e4nge&#8221;, Klanginstallation, Kunstschule Lingen\n&#8220;Klangfarben&#8221;, Performance, Kunstschule Lingen\n&#8220;Klangpfad&#8221;, Klanginstallation zum Welt-Kindertheater-Fest\n&#8220;Expressionen &#8211; Impressionen&#8221;, Kunsthalle Lingen\n&#8220;Von gr\u00fcn zu grau zu gr\u00fcn +&#8221;, Klanginstallation, Grugapark \/ Gr\u00fcne Hauptstadt Essen\n&#8220;Text | Bau | Steine&#8221;, Reichenberger &amp; Partner StbG, Lingen (EA)\n&#8220;Illuminated Shadows&#8221;, Kunstzentrum Koppelschleuse, Meppen (EA)\nWelt-Kindertheaterfest 2014, Lingen\nRUHR.2010, Zeche Zollverein Essen\nMuseum Schloss Clemenswerth, S\u00f6gel (EA)\nLandkreis Grafschaft Bentheim, Nordhorn (EA)\nGalerie Brot &amp; Spiele, Berlin\nRathaus Emsb\u00fcren (EA)\n&#8220;Pre-Opening&#8221;, K-Gallery Bochum (G)\n&#8220;perplex&#8221;, K\u00fcnstlerhaus Dortmund (G)\nKulturmagazin Zeche Lothringen, Bochum\nZeiss-Planetarium Bochum\nEmsb\u00fcrener Musiktage 2012 und 2017 (EA)\n<h3>References Design &amp; Sound<\/h3>\n<span style=\"font-size: revert; color: initial;\">Stiftung Zollverein Essen\nTheater Dortmund\nStadtmuseum Nordhorn\nBUKO Pharma Kampagne\nWDR Media Group\nCornelsen Verlag Berlin\nEmsl\u00e4ndische Landschaft e. V.\nHermann Paus Maschinenfabrik GmbH\nPuppet Empire K\u00f6ln\nEssen 2017 &#8211; Gr\u00fcne Hauptstadt Europas\nRuhr.2010 GmbH\nStadt Essen\nFranziskusgymnasium Lingen\nPfarreiengemeinschaft Lingen-S\u00fcd<\/span>\nEmslandmuseum Lingen\nTPZ Lingen\nHeuerhof Elbergen\n\n<!-- \/wp:paragraph -->\n\n<!-- wp:paragraph -->\n\n","protected":false},"excerpt":{"rendered":"<p>Ansgar Silies studied scenography at the Hanover University of Applied Sciences and Arts. This was followed by stage design assistantships at Schauspiel Frankfurt and Schauspiel Essen as well as teaching assignments and deputy professorships for scenography at Hanover University of Applied Sciences and Arts. Ansgar Silies now works as a freelance stage designer, artist and [&hellip;]<\/p>\n","protected":false},"author":1,"featured_media":0,"parent":0,"menu_order":0,"comment_status":"closed","ping_status":"closed","template":"","meta":{"jetpack_post_was_ever_published":false},"translation":{"provider":"WPGlobus","version":"3.0.1","language":"en","enabled_languages":["de","en"],"languages":{"de":{"title":true,"content":true,"excerpt":false},"en":{"title":true,"content":true,"excerpt":false}}},"jetpack_sharing_enabled":true,"jetpack_shortlink":"https:\/\/wp.me\/P9yEQj-1z","_links":{"self":[{"href":"https:\/\/www.ansgarsilies.de\/en\/wp-json\/wp\/v2\/pages\/97"}],"collection":[{"href":"https:\/\/www.ansgarsilies.de\/en\/wp-json\/wp\/v2\/pages"}],"about":[{"href":"https:\/\/www.ansgarsilies.de\/en\/wp-json\/wp\/v2\/types\/page"}],"author":[{"embeddable":true,"href":"https:\/\/www.ansgarsilies.de\/en\/wp-json\/wp\/v2\/users\/1"}],"replies":[{"embeddable":true,"href":"https:\/\/www.ansgarsilies.de\/en\/wp-json\/wp\/v2\/comments?post=97"}],"version-history":[{"count":114,"href":"https:\/\/www.ansgarsilies.de\/en\/wp-json\/wp\/v2\/pages\/97\/revisions"}],"predecessor-version":[{"id":1411,"href":"https:\/\/www.ansgarsilies.de\/en\/wp-json\/wp\/v2\/pages\/97\/revisions\/1411"}],"wp:attachment":[{"href":"https:\/\/www.ansgarsilies.de\/en\/wp-json\/wp\/v2\/media?parent=97"}],"curies":[{"name":"wp","href":"https:\/\/api.w.org\/{rel}","templated":true}]}}